{"id":84,"date":"2025-05-26T17:06:42","date_gmt":"2025-05-26T17:06:42","guid":{"rendered":"https:\/\/electrinchen.de\/?page_id=84"},"modified":"2026-02-04T14:43:37","modified_gmt":"2026-02-04T14:43:37","slug":"support","status":"publish","type":"page","link":"https:\/\/electrinchen.de\/index.php\/support\/","title":{"rendered":"Donations + Support"},"content":{"rendered":"\n<div class=\"wp-block-group alignwide is-vertical is-content-justification-center is-layout-flex wp-container-core-group-is-layout-b6c1f246 wp-block-group-is-layout-flex\">\n<div class=\"wp-block-group is-content-justification-center is-nowrap is-layout-flex wp-container-core-group-is-layout-23441af8 wp-block-group-is-layout-flex\">\n<div class=\"wp-block-group is-layout-constrained wp-block-group-is-layout-constrained\">\n<p class=\"has-ast-global-color-2-color has-text-color has-link-color wp-elements-f3bf9720b28c7acae4e38fef5826570a\">Seit 2013 existiert nun das ClubHouse. Und das ist vor allem durch eure Unterst\u00fctzung und Hilfe m\u00f6glich.<\/p>\n\n\n\n<p class=\"has-text-align-left\">Jede kleinste Unterst\u00fctzung von euch hilft mir dabei, die Selbst\u00e4ndigkeit als Streamer fortzuf\u00fchren.<\/p>\n\n\n\n<p>Donations und Support ist freiwillig, ihr allein entscheidet, was euch die Gemeinschaft und Unterhaltung wert ist.<\/p>\n\n\n\n<p>Umso mehr bin ich f\u00fcr jede Unterst\u00fctzung dankbar,&nbsp;<strong>euer Support h\u00e4lt das ClubHouse am Leben<\/strong>.<br><br><strong><mark style=\"background-color:rgba(0, 0, 0, 0)\" class=\"has-inline-color has-ast-global-color-0-color\">Danke f\u00fcr euren Support!<\/mark><\/strong><\/p>\n<\/div>\n\n\n\n<iframe id='kofiframe' src='https:\/\/ko-fi.com\/electrinchen\/?hidefeed=false&#038;widget=true&#038;embed=true&#038;preview=true' style='border:none;width:50%;padding:1px;background:#f9f9f9;' height='650' title='electrinchen'><\/iframe>\n<\/div>\n<\/div>\n\n\n\n<div class=\"wp-block-group is-layout-constrained wp-block-group-is-layout-constrained\">\n<div class=\"wp-block-group is-nowrap is-layout-flex wp-container-core-group-is-layout-6c531013 wp-block-group-is-layout-flex\">\n<div class=\"wp-block-group is-vertical is-layout-flex wp-container-core-group-is-layout-fe9cc265 wp-block-group-is-layout-flex\">\n<p class=\"has-ast-global-color-2-color has-text-color has-link-color wp-elements-f10b89479212cb2dbe2203600ab46be1\"><a href=\"https:\/\/www.amazon.de\/b\/ref=as_li_qf_br_sr_il_tl?ie=UTF8&amp;node=340843031&amp;tag=electrinchen-21&amp;camp=1638&amp;creative=6742&amp;linkCode=as2&amp;linkId=39772791247ede9cc3f01be23a667da9\">Amazon Affiliate&nbsp;<\/a>&nbsp;\u2013&nbsp;Nutzt meinen Amazon-Ref-Link bei eurem n\u00e4chsten Einkauf und ich erhalte eine kleine Provision.<\/p>\n\n\n\n<p><a href=\"http:\/\/www.twitch.tv\/electrinchen\/subscribe\" target=\"_blank\" rel=\"noreferrer noopener\"><strong>Subscribe<\/strong><\/a>&nbsp;\u2013 werbefreier Stream + Special-Chat-Emotes + Link-\/Caps-\/Spam-Permit und ein wohliges Gef\u00fchl im Bauch<\/p>\n\n\n\n<p><a href=\"https:\/\/www.tipeeestream.com\/electrinchen\/donation\" target=\"_blank\" rel=\"noreferrer noopener\"><strong>Donations mit Tipee<\/strong><\/a>&nbsp;\u2013 wird im Stream angezeigt + vorgelesen<\/p>\n\n\n\n<p><a href=\"https:\/\/www.paypal.com\/cgi-bin\/webscr?cmd=_s-xclick&amp;hosted_button_id=LJV53PZDNZKDW\" target=\"_blank\" rel=\"noreferrer noopener\"><strong>Anonyme Donations<\/strong><\/a>&nbsp;direkt \u00fcber Paypal<\/p>\n\n\n\n<p><a href=\"http:\/\/www.amazon.de\/registry\/wishlist\/4UGKOVSAH802\" target=\"_blank\" rel=\"noreferrer noopener\"><strong>Amazon-Wunschliste<\/strong><\/a><\/p>\n<\/div>\n\n\n\n<div class=\"wp-block-group is-layout-constrained wp-block-group-is-layout-constrained\">\n<div class=\"wp-block-group is-vertical is-layout-flex wp-container-core-group-is-layout-fe9cc265 wp-block-group-is-layout-flex\">\n<div class=\"wp-block-group is-nowrap is-layout-flex wp-container-core-group-is-layout-6c531013 wp-block-group-is-layout-flex\">\n<div class=\"wp-block-group is-layout-constrained wp-block-group-is-layout-constrained\">\n<div class=\"wp-block-group is-layout-constrained wp-block-group-is-layout-constrained\">\n<p><strong>PAKETE:<\/strong><\/p>\n\n\n\n<p><strong>DHL-Packstation wenn in Deutschland:<br><\/strong>Sarah Kirsch<br>876669434<br>Packstation 141<br>68159 Mannheim<\/p>\n\n\n\n<p><strong>DHL-Packstation wenn in Niederlande:<\/strong><br>Sarah Kirsch<br>876669434<br>Packstation 216<br>26831 Bunde<\/p>\n<\/div>\n<\/div>\n\n\n\n<div class=\"wp-block-group is-layout-constrained wp-block-group-is-layout-constrained\"><\/div>\n<\/div>\n<\/div>\n<\/div>\n<\/div>\n<\/div>\n\n\n\n<p><\/p>\n","protected":false},"excerpt":{"rendered":"<p>Seit 2013 existiert nun das ClubHouse. Und das ist vor allem durch eure Unterst\u00fctzung und Hilfe m\u00f6glich. Jede kleinste Unterst\u00fctzung [&hellip;]<\/p>\n","protected":false},"author":1,"featured_media":0,"parent":0,"menu_order":0,"comment_status":"closed","ping_status":"closed","template":"","meta":{"site-sidebar-layout":"default","site-content-layout":"","ast-site-content-layout":"","site-content-style":"default","site-sidebar-style":"default","ast-global-header-display":"","ast-banner-title-visibility":"","ast-main-header-display":"","ast-hfb-above-header-display":"","ast-hfb-below-header-display":"","ast-hfb-mobile-header-display":"","site-post-title":"","ast-breadcrumbs-content":"","ast-featured-img":"","footer-sml-layout":"","ast-disable-related-posts":"","theme-transparent-header-meta":"","adv-header-id-meta":"","stick-header-meta":"","header-above-stick-meta":"","header-main-stick-meta":"","header-below-stick-meta":"","astra-migrate-meta-layouts":"default","ast-page-background-enabled":"default","ast-page-background-meta":{"desktop":{"background-color":"var(--ast-global-color-5)","background-image":"","background-repeat":"repeat","background-position":"center center","background-size":"auto","background-attachment":"scroll","background-type":"","background-media":"","overlay-type":"","overlay-color":"","overlay-opacity":"","overlay-gradient":""},"tablet":{"background-color":"","background-image":"","background-repeat":"repeat","background-position":"center center","background-size":"auto","background-attachment":"scroll","background-type":"","background-media":"","overlay-type":"","overlay-color":"","overlay-opacity":"","overlay-gradient":""},"mobile":{"background-color":"","background-image":"","background-repeat":"repeat","background-position":"center center","background-size":"auto","background-attachment":"scroll","background-type":"","background-media":"","overlay-type":"","overlay-color":"","overlay-opacity":"","overlay-gradient":""}},"ast-content-background-meta":{"desktop":{"background-color":"var(--ast-global-color-4)","background-image":"","background-repeat":"repeat","background-position":"center center","background-size":"auto","background-attachment":"scroll","background-type":"","background-media":"","overlay-type":"","overlay-color":"","overlay-opacity":"","overlay-gradient":""},"tablet":{"background-color":"var(--ast-global-color-4)","background-image":"","background-repeat":"repeat","background-position":"center center","background-size":"auto","background-attachment":"scroll","background-type":"","background-media":"","overlay-type":"","overlay-color":"","overlay-opacity":"","overlay-gradient":""},"mobile":{"background-color":"var(--ast-global-color-4)","background-image":"","background-repeat":"repeat","background-position":"center center","background-size":"auto","background-attachment":"scroll","background-type":"","background-media":"","overlay-type":"","overlay-color":"","overlay-opacity":"","overlay-gradient":""}},"footnotes":""},"class_list":["post-84","page","type-page","status-publish","hentry"],"jetpack_sharing_enabled":true,"_links":{"self":[{"href":"https:\/\/electrinchen.de\/index.php\/wp-json\/wp\/v2\/pages\/84","targetHints":{"allow":["GET"]}}],"collection":[{"href":"https:\/\/electrinchen.de\/index.php\/wp-json\/wp\/v2\/pages"}],"about":[{"href":"https:\/\/electrinchen.de\/index.php\/wp-json\/wp\/v2\/types\/page"}],"author":[{"embeddable":true,"href":"https:\/\/electrinchen.de\/index.php\/wp-json\/wp\/v2\/users\/1"}],"replies":[{"embeddable":true,"href":"https:\/\/electrinchen.de\/index.php\/wp-json\/wp\/v2\/comments?post=84"}],"version-history":[{"count":15,"href":"https:\/\/electrinchen.de\/index.php\/wp-json\/wp\/v2\/pages\/84\/revisions"}],"predecessor-version":[{"id":734,"href":"https:\/\/electrinchen.de\/index.php\/wp-json\/wp\/v2\/pages\/84\/revisions\/734"}],"wp:attachment":[{"href":"https:\/\/electrinchen.de\/index.php\/wp-json\/wp\/v2\/media?parent=84"}],"curies":[{"name":"wp","href":"https:\/\/api.w.org\/{rel}","templated":true}]}}